{"id":143,"date":"2019-10-22T10:49:57","date_gmt":"2019-10-22T10:49:57","guid":{"rendered":"https:\/\/lightworxx.com\/?page_id=143"},"modified":"2019-11-07T11:12:21","modified_gmt":"2019-11-07T11:12:21","slug":"lightworxx","status":"publish","type":"page","link":"https:\/\/lightworxx.com\/?page_id=143","title":{"rendered":"Lightworxx"},"content":{"rendered":"\n<p>Lightworxx \u2013&nbsp;Made by Holger Kneifel<\/p>\n\n\n\n<p>Vor einiger Zeit entstand der Wunsch meine Lichtkunstfotografie auf eine eigene Plattform zu bringen. Die Projekte die bis dahin entstanden waren, wurden nach und nach immer Aufwendiger und Intensiver. Somit wurde Lightworxx ins Leben gerufen.<\/p>\n\n\n\n<p>Lightworxx ist keine riesige Gruppe oder Gemeinschaft, in den meisten N\u00e4chsten arbeite ich allein. In v\u00f6lliger Dunkelheit entstehen diese einzigartigen Bilder nach und nach in der Kamera. Die Dunkelheit und die dadurch entstehende Zeit erm\u00f6glicht es mir diese Bilder in der Kamera festzuhalten. Wer mehr \u00fcber diese Art der Fotografie Wissen m\u00f6chte, wie diese Bilder entstehen und warum sowas auch allein geht der findet auf meiner Seite einiges an Informationen.<\/p>\n\n\n\n<p>Ein kleiner Steckbrief soll aber noch zeigen wer dahinter steckt:<\/p>\n\n\n\n<p>Name: Holger Kneifel<\/p>\n\n\n\n<p>Alter: 46 Jahre<\/p>\n\n\n\n<p>Beruf: Tischler und Kaufmann<\/p>\n\n\n\n<p>Wohnort: Niedernw\u00f6hren, Niedersachsen<\/p>\n\n\n\n<p>Hobbys: Fotografieren (Lichtkunst, Lost Place und Infrarotfotografie), Fischen<\/p>\n\n\n\n<p><\/p>\n\n\n\n<ul class=\"is-layout-flex wp-block-gallery-1 wp-block-gallery alignright columns-1 is-cropped\"><li class=\"blocks-gallery-item\"><figure><img decoding=\"async\" loading=\"lazy\" width=\"335\" height=\"380\" src=\"https:\/\/lightworxx.com\/wp-content\/uploads\/2019\/11\/DSC05935_380.jpg\" alt=\"\" data-id=\"337\" data-link=\"https:\/\/lightworxx.com\/?attachment_id=337\" class=\"wp-image-337\" srcset=\"https:\/\/lightworxx.com\/wp-content\/uploads\/2019\/11\/DSC05935_380.jpg 335w, https:\/\/lightworxx.com\/wp-content\/uploads\/2019\/11\/DSC05935_380-264x300.jpg 264w\" sizes=\"(max-width: 335px) 100vw, 335px\" \/><\/figure><\/li><\/ul>\n\n\n\n<ul class=\"is-layout-flex wp-block-gallery-3 wp-block-gallery aligncenter columns-1 is-cropped\"><li class=\"blocks-gallery-item\"><figure><img decoding=\"async\" loading=\"lazy\" width=\"645\" height=\"875\" src=\"https:\/\/lightworxx.com\/wp-content\/uploads\/2019\/11\/DSC08357_1.jpg\" alt=\"\" data-id=\"339\" data-link=\"https:\/\/lightworxx.com\/?attachment_id=339\" class=\"wp-image-339\" srcset=\"https:\/\/lightworxx.com\/wp-content\/uploads\/2019\/11\/DSC08357_1.jpg 645w, https:\/\/lightworxx.com\/wp-content\/uploads\/2019\/11\/DSC08357_1-221x300.jpg 221w\" sizes=\"(max-width: 645px) 100vw, 645px\" \/><\/figure><\/li><\/ul>\n","protected":false},"excerpt":{"rendered":"<p>Lightworxx \u2013&nbsp;Made by Holger Kneifel Vor einiger Zeit entstand der Wunsch meine Lichtkunstfotografie auf eine eigene Plattform zu bringen. Die Projekte die bis dahin entstanden waren, wurden nach und nach [&hellip;]<\/p>\n","protected":false},"author":1,"featured_media":0,"parent":0,"menu_order":0,"comment_status":"closed","ping_status":"closed","template":"","meta":[],"_links":{"self":[{"href":"https:\/\/lightworxx.com\/index.php?rest_route=\/wp\/v2\/pages\/143"}],"collection":[{"href":"https:\/\/lightworxx.com\/index.php?rest_route=\/wp\/v2\/pages"}],"about":[{"href":"https:\/\/lightworxx.com\/index.php?rest_route=\/wp\/v2\/types\/page"}],"author":[{"embeddable":true,"href":"https:\/\/lightworxx.com\/index.php?rest_route=\/wp\/v2\/users\/1"}],"replies":[{"embeddable":true,"href":"https:\/\/lightworxx.com\/index.php?rest_route=%2Fwp%2Fv2%2Fcomments&post=143"}],"version-history":[{"count":4,"href":"https:\/\/lightworxx.com\/index.php?rest_route=\/wp\/v2\/pages\/143\/revisions"}],"predecessor-version":[{"id":341,"href":"https:\/\/lightworxx.com\/index.php?rest_route=\/wp\/v2\/pages\/143\/revisions\/341"}],"wp:attachment":[{"href":"https:\/\/lightworxx.com\/index.php?rest_route=%2Fwp%2Fv2%2Fmedia&parent=143"}],"curies":[{"name":"wp","href":"https:\/\/api.w.org\/{rel}","templated":true}]}}