{"id":157,"date":"2019-10-22T11:04:27","date_gmt":"2019-10-22T11:04:27","guid":{"rendered":"https:\/\/lightworxx.com\/?page_id=157"},"modified":"2019-11-07T11:03:27","modified_gmt":"2019-11-07T11:03:27","slug":"lichtkunst-firmen","status":"publish","type":"page","link":"https:\/\/lightworxx.com\/?page_id=157","title":{"rendered":"Lichtkunst Firmen"},"content":{"rendered":"\n<p>Lichtkunst in Firmen, f\u00fcr Firmen oder auch die Produktfotografie.<\/p>\n\n\n\n<p>Eine perfekte M\u00f6glichkeit Ihre Firma\/Geb\u00e4ude\/Produktion auch mal in einem anderen Licht zu zeigen. Die Lichtkunst ist so vielf\u00e4ltig einsetzbar und bietet perfekte M\u00f6glichkeiten daf\u00fcr.<\/p>\n\n\n\n<p>Vor einiger Zeit hatte ich die M\u00f6glichkeit bei einem der gr\u00f6\u00dften K\u00fcchenproduzenten Deutschlands ein paar eindrucksvolle Bilder gestalten zu k\u00f6nnen. 2 N\u00e4chte war ich vor Ort und nutzte die Einzigartigkeit dieser Eingangshalle um meine Lichtkunst in diese Szenerie einzubauen. Es waren diverse Schwierigkeiten \u00fcberwunden werden mussten. Denn dunkel war es dort nicht so richtig. Verschiedenste Lichter, wie z.B. Notausgangsschilder oder auch beleuchtete Lichtschalter brachten extrem viel Licht von au\u00dfen in meine Bilder. Ich musste dieses \u201eschmutzige Licht\u201c welches von Au\u00dfen kam erst abdunkeln. Erst danach konnte ich wie gewohnt meine Ideen umsetzen und es entstanden wundersch\u00f6ne Szenerien.<\/p>\n\n\n\n<p>Schauen Sie sich die Bilder an. Haben auch Sie Interesse an solch interessanten Bildern schreiben Sie mich an.<\/p>\n\n\n\n<ul class=\"is-layout-flex wp-block-gallery-1 wp-block-gallery columns-3 is-cropped\"><li class=\"blocks-gallery-item\"><figure><a href=\"https:\/\/lightworxx.com\/wp-content\/uploads\/2019\/10\/DSC03741-1024x686.jpg\"><img decoding=\"async\" loading=\"lazy\" width=\"1024\" height=\"686\" src=\"https:\/\/lightworxx.com\/wp-content\/uploads\/2019\/10\/DSC03741-1024x686.jpg\" alt=\"\" data-id=\"41\" data-link=\"https:\/\/lightworxx.com\/?attachment_id=41\" class=\"wp-image-41\" srcset=\"https:\/\/lightworxx.com\/wp-content\/uploads\/2019\/10\/DSC03741-1024x686.jpg 1024w, https:\/\/lightworxx.com\/wp-content\/uploads\/2019\/10\/DSC03741-300x201.jpg 300w, https:\/\/lightworxx.com\/wp-content\/uploads\/2019\/10\/DSC03741-768x515.jpg 768w, https:\/\/lightworxx.com\/wp-content\/uploads\/2019\/10\/DSC03741-1568x1051.jpg 1568w\" sizes=\"(max-width: 1024px) 100vw, 1024px\" \/><\/a><figcaption>Bergh\u00fctte Krainhagen<\/figcaption><\/figure><\/li><li class=\"blocks-gallery-item\"><figure><a href=\"https:\/\/lightworxx.com\/wp-content\/uploads\/2019\/10\/DSC03677-1024x687.jpg\"><img decoding=\"async\" loading=\"lazy\" width=\"1024\" height=\"687\" src=\"https:\/\/lightworxx.com\/wp-content\/uploads\/2019\/10\/DSC03677-1024x687.jpg\" alt=\"\" data-id=\"38\" data-link=\"https:\/\/lightworxx.com\/?attachment_id=38\" class=\"wp-image-38\" srcset=\"https:\/\/lightworxx.com\/wp-content\/uploads\/2019\/10\/DSC03677-1024x687.jpg 1024w, https:\/\/lightworxx.com\/wp-content\/uploads\/2019\/10\/DSC03677-300x201.jpg 300w, https:\/\/lightworxx.com\/wp-content\/uploads\/2019\/10\/DSC03677-768x515.jpg 768w, https:\/\/lightworxx.com\/wp-content\/uploads\/2019\/10\/DSC03677-1568x1051.jpg 1568w\" sizes=\"(max-width: 1024px) 100vw, 1024px\" \/><\/a><figcaption>Bergh\u00fctte Krainhagen<\/figcaption><\/figure><\/li><li class=\"blocks-gallery-item\"><figure><a href=\"https:\/\/lightworxx.com\/wp-content\/uploads\/2019\/10\/DSC08286_1024-1024x683.jpg\"><img decoding=\"async\" loading=\"lazy\" width=\"1024\" height=\"683\" src=\"https:\/\/lightworxx.com\/wp-content\/uploads\/2019\/10\/DSC08286_1024-1024x683.jpg\" alt=\"\" data-id=\"125\" data-link=\"https:\/\/lightworxx.com\/?attachment_id=125\" class=\"wp-image-125\" srcset=\"https:\/\/lightworxx.com\/wp-content\/uploads\/2019\/10\/DSC08286_1024.jpg 1024w, https:\/\/lightworxx.com\/wp-content\/uploads\/2019\/10\/DSC08286_1024-300x200.jpg 300w, https:\/\/lightworxx.com\/wp-content\/uploads\/2019\/10\/DSC08286_1024-768x512.jpg 768w\" sizes=\"(max-width: 1024px) 100vw, 1024px\" \/><\/a><figcaption>Schlegel Brauerei G\u00e4rkeller<\/figcaption><\/figure><\/li><li class=\"blocks-gallery-item\"><figure><a href=\"https:\/\/lightworxx.com\/wp-content\/uploads\/2019\/10\/DSC09812_zugeschnitten-1024x576.jpg\"><img decoding=\"async\" loading=\"lazy\" width=\"1024\" height=\"576\" src=\"https:\/\/lightworxx.com\/wp-content\/uploads\/2019\/10\/DSC09812_zugeschnitten-1024x576.jpg\" alt=\"\" data-id=\"294\" data-link=\"https:\/\/lightworxx.com\/?attachment_id=294\" class=\"wp-image-294\" srcset=\"https:\/\/lightworxx.com\/wp-content\/uploads\/2019\/10\/DSC09812_zugeschnitten-1024x576.jpg 1024w, https:\/\/lightworxx.com\/wp-content\/uploads\/2019\/10\/DSC09812_zugeschnitten-300x169.jpg 300w, https:\/\/lightworxx.com\/wp-content\/uploads\/2019\/10\/DSC09812_zugeschnitten-768x432.jpg 768w, https:\/\/lightworxx.com\/wp-content\/uploads\/2019\/10\/DSC09812_zugeschnitten.jpg 2048w\" sizes=\"(max-width: 1024px) 100vw, 1024px\" \/><\/a><figcaption>H\u00e4cker K\u00fcchen R\u00f6dinghausen<\/figcaption><\/figure><\/li><li class=\"blocks-gallery-item\"><figure><a href=\"https:\/\/lightworxx.com\/wp-content\/uploads\/2019\/10\/DSC09805_zugeschnitten-1024x589.jpg\"><img decoding=\"async\" loading=\"lazy\" width=\"1024\" height=\"589\" src=\"https:\/\/lightworxx.com\/wp-content\/uploads\/2019\/10\/DSC09805_zugeschnitten-1024x589.jpg\" alt=\"\" data-id=\"298\" data-link=\"https:\/\/lightworxx.com\/?attachment_id=298\" class=\"wp-image-298\" srcset=\"https:\/\/lightworxx.com\/wp-content\/uploads\/2019\/10\/DSC09805_zugeschnitten-1024x589.jpg 1024w, https:\/\/lightworxx.com\/wp-content\/uploads\/2019\/10\/DSC09805_zugeschnitten-300x172.jpg 300w, https:\/\/lightworxx.com\/wp-content\/uploads\/2019\/10\/DSC09805_zugeschnitten-768x441.jpg 768w, https:\/\/lightworxx.com\/wp-content\/uploads\/2019\/10\/DSC09805_zugeschnitten.jpg 2048w\" sizes=\"(max-width: 1024px) 100vw, 1024px\" \/><\/a><figcaption> H\u00e4cker K\u00fcchen R\u00f6dinghausen <\/figcaption><\/figure><\/li><\/ul>\n","protected":false},"excerpt":{"rendered":"<p>Lichtkunst in Firmen, f\u00fcr Firmen oder auch die Produktfotografie. Eine perfekte M\u00f6glichkeit Ihre Firma\/Geb\u00e4ude\/Produktion auch mal in einem anderen Licht zu zeigen. Die Lichtkunst ist so vielf\u00e4ltig einsetzbar und bietet [&hellip;]<\/p>\n","protected":false},"author":1,"featured_media":0,"parent":0,"menu_order":0,"comment_status":"closed","ping_status":"closed","template":"","meta":[],"_links":{"self":[{"href":"https:\/\/lightworxx.com\/index.php?rest_route=\/wp\/v2\/pages\/157"}],"collection":[{"href":"https:\/\/lightworxx.com\/index.php?rest_route=\/wp\/v2\/pages"}],"about":[{"href":"https:\/\/lightworxx.com\/index.php?rest_route=\/wp\/v2\/types\/page"}],"author":[{"embeddable":true,"href":"https:\/\/lightworxx.com\/index.php?rest_route=\/wp\/v2\/users\/1"}],"replies":[{"embeddable":true,"href":"https:\/\/lightworxx.com\/index.php?rest_route=%2Fwp%2Fv2%2Fcomments&post=157"}],"version-history":[{"count":6,"href":"https:\/\/lightworxx.com\/index.php?rest_route=\/wp\/v2\/pages\/157\/revisions"}],"predecessor-version":[{"id":335,"href":"https:\/\/lightworxx.com\/index.php?rest_route=\/wp\/v2\/pages\/157\/revisions\/335"}],"wp:attachment":[{"href":"https:\/\/lightworxx.com\/index.php?rest_route=%2Fwp%2Fv2%2Fmedia&parent=157"}],"curies":[{"name":"wp","href":"https:\/\/api.w.org\/{rel}","templated":true}]}}