{"id":172,"date":"2019-10-22T11:07:26","date_gmt":"2019-10-22T11:07:26","guid":{"rendered":"https:\/\/lightworxx.com\/?page_id=172"},"modified":"2019-10-22T11:07:26","modified_gmt":"2019-10-22T11:07:26","slug":"kontakt","status":"publish","type":"page","link":"https:\/\/lightworxx.com\/?page_id=172","title":{"rendered":"Kontakt"},"content":{"rendered":"\n<p>Bei Fragen zu Bildern, Shootings, Workshops oder auch Live-Events stehe ich ihnen nat\u00fcrlich gerne zur Verf\u00fcgung. Auch bei Fragen und Anregungen nutzen Sie die M\u00f6glichkeit und schreiben mich an. Auf der Seite Service finden Sie eine kleine Auswahl an M\u00f6glichkeiten die sich mit der Lichtkunst verbinden lassen wie z.B.<\/p>\n\n\n\n<ul><li>Lichtkunst in Firmen oder als Produktfotografie<\/li><li>Lichtkunst als Portraitfoto, Gruppenshooting, Familienfoto<\/li><li>Live-Performances auf Veranstaltungen \u2013 Lichtkunst Live und in Echtzeit<\/li><li>Workshops<\/li><\/ul>\n\n\n\n<p>Ich w\u00fcrde mich sehr freuen wenn Sie mir eine Nachricht hinterlassen<br><\/p>\n","protected":false},"excerpt":{"rendered":"<p>Bei Fragen zu Bildern, Shootings, Workshops oder auch Live-Events stehe ich ihnen nat\u00fcrlich gerne zur Verf\u00fcgung. Auch bei Fragen und Anregungen nutzen Sie die M\u00f6glichkeit und schreiben mich an. Auf [&hellip;]<\/p>\n","protected":false},"author":1,"featured_media":0,"parent":0,"menu_order":0,"comment_status":"closed","ping_status":"closed","template":"","meta":[],"_links":{"self":[{"href":"https:\/\/lightworxx.com\/index.php?rest_route=\/wp\/v2\/pages\/172"}],"collection":[{"href":"https:\/\/lightworxx.com\/index.php?rest_route=\/wp\/v2\/pages"}],"about":[{"href":"https:\/\/lightworxx.com\/index.php?rest_route=\/wp\/v2\/types\/page"}],"author":[{"embeddable":true,"href":"https:\/\/lightworxx.com\/index.php?rest_route=\/wp\/v2\/users\/1"}],"replies":[{"embeddable":true,"href":"https:\/\/lightworxx.com\/index.php?rest_route=%2Fwp%2Fv2%2Fcomments&post=172"}],"version-history":[{"count":1,"href":"https:\/\/lightworxx.com\/index.php?rest_route=\/wp\/v2\/pages\/172\/revisions"}],"predecessor-version":[{"id":173,"href":"https:\/\/lightworxx.com\/index.php?rest_route=\/wp\/v2\/pages\/172\/revisions\/173"}],"wp:attachment":[{"href":"https:\/\/lightworxx.com\/index.php?rest_route=%2Fwp%2Fv2%2Fmedia&parent=172"}],"curies":[{"name":"wp","href":"https:\/\/api.w.org\/{rel}","templated":true}]}}